{"id":1183,"date":"2021-10-20T07:42:22","date_gmt":"2021-10-20T07:42:22","guid":{"rendered":"http:\/\/33037.phuha.vinawebsite.vn\/?page_id=1183"},"modified":"2021-10-20T07:42:22","modified_gmt":"2021-10-20T07:42:22","slug":"home","status":"publish","type":"page","link":"https:\/\/vietminhco.com.vn\/en\/","title":{"rendered":"Home"},"content":{"rendered":"<div class=\"slider-wrapper relative home-banner\" id=\"slider-883197782\" >\n    <div class=\"slider slider-nav-simple slider-nav-large slider-nav-light slider-style-normal slider-show-nav\"\n        data-flickity-options='{\n            \"cellAlign\": \"center\",\n            \"imagesLoaded\": true,\n            \"lazyLoad\": 1,\n            \"freeScroll\": false,\n            \"wrapAround\": true,\n            \"autoPlay\": 6000,\n            \"pauseAutoPlayOnHover\" : true,\n            \"prevNextButtons\": true,\n            \"contain\" : true,\n            \"adaptiveHeight\" : true,\n            \"dragThreshold\" : 10,\n            \"percentPosition\": true,\n            \"pageDots\": false,\n            \"rightToLeft\": false,\n            \"draggable\": true,\n            \"selectedAttraction\": 0.1,\n            \"parallax\" : 0,\n            \"friction\": 0.6        }'\n        >\n        \n\n\t<div class=\"img has-hover x md-x lg-x y md-y lg-y\" id=\"image_1857437092\">\n\t\t\t\t\t\t\t\t<div class=\"img-inner dark\" >\n\t\t\t<img loading=\"lazy\" decoding=\"async\" width=\"1440\" height=\"662\" src=\"https:\/\/vietminhco.com.vn\/wp-content\/uploads\/2021\/12\/Banner-1.jpg\" class=\"attachment-original size-original\" alt=\"\" srcset=\"https:\/\/vietminhco.com.vn\/wp-content\/uploads\/2021\/12\/Banner-1.jpg 1440w, https:\/\/vietminhco.com.vn\/wp-content\/uploads\/2021\/12\/Banner-1-800x368.jpg 800w, https:\/\/vietminhco.com.vn\/wp-content\/uploads\/2021\/12\/Banner-1-1400x644.jpg 1400w, https:\/\/vietminhco.com.vn\/wp-content\/uploads\/2021\/12\/Banner-1-768x353.jpg 768w, https:\/\/vietminhco.com.vn\/wp-content\/uploads\/2021\/12\/Banner-1-300x138.jpg 300w, https:\/\/vietminhco.com.vn\/wp-content\/uploads\/2021\/12\/Banner-1-600x276.jpg 600w, https:\/\/vietminhco.com.vn\/wp-content\/uploads\/2021\/12\/Banner-1-550x253.jpg 550w\" sizes=\"auto, (max-width: 1440px) 100vw, 1440px\" \/>\t\t\t\t\t\t\n\t\t\t\t\t<\/div>\n\t\t\t\t\t\t\t\t\n<style>\n#image_1857437092 {\n  width: 100%;\n}\n<\/style>\n\t<\/div>\n\t\n\n\t<div class=\"img has-hover x md-x lg-x y md-y lg-y\" id=\"image_248495723\">\n\t\t\t\t\t\t\t\t<div class=\"img-inner dark\" >\n\t\t\t<img loading=\"lazy\" decoding=\"async\" width=\"1440\" height=\"662\" src=\"https:\/\/vietminhco.com.vn\/wp-content\/uploads\/2021\/12\/Banner-1.jpg\" class=\"attachment-original size-original\" alt=\"\" srcset=\"https:\/\/vietminhco.com.vn\/wp-content\/uploads\/2021\/12\/Banner-1.jpg 1440w, https:\/\/vietminhco.com.vn\/wp-content\/uploads\/2021\/12\/Banner-1-800x368.jpg 800w, https:\/\/vietminhco.com.vn\/wp-content\/uploads\/2021\/12\/Banner-1-1400x644.jpg 1400w, https:\/\/vietminhco.com.vn\/wp-content\/uploads\/2021\/12\/Banner-1-768x353.jpg 768w, https:\/\/vietminhco.com.vn\/wp-content\/uploads\/2021\/12\/Banner-1-300x138.jpg 300w, https:\/\/vietminhco.com.vn\/wp-content\/uploads\/2021\/12\/Banner-1-600x276.jpg 600w, https:\/\/vietminhco.com.vn\/wp-content\/uploads\/2021\/12\/Banner-1-550x253.jpg 550w\" sizes=\"auto, (max-width: 1440px) 100vw, 1440px\" \/>\t\t\t\t\t\t\n\t\t\t\t\t<\/div>\n\t\t\t\t\t\t\t\t\n<style>\n#image_248495723 {\n  width: 100%;\n}\n<\/style>\n\t<\/div>\n\t\n\n\n     <\/div>\n\n     <div class=\"loading-spin dark large centered\"><\/div>\n\n     \t<\/div>\n\n\n\t<section class=\"section home-intro\" id=\"section_1363932821\">\n\t\t<div class=\"bg section-bg fill bg-fill bg-loaded \" >\n\n\t\t\t\n\t\t\t\n\t\t\t\n\n\t\t<\/div>\n\n\t\t<div class=\"section-content relative\">\n\t\t\t\n\n<div class=\"row row-collapse\"  id=\"row-1573543497\">\n\n\n\t<div id=\"col-320295212\" class=\"col home-intro_col-1 medium-12 small-12 large-7\"  >\n\t\t<div class=\"col-inner text-left\"  >\n\t\t\t\n\t\t\t\n\n\t<div class=\"img has-hover col-1_img x md-x lg-x y md-y lg-y\" id=\"image_38342138\">\n\t\t\t\t\t\t\t\t<div class=\"img-inner dark\" >\n\t\t\t<img loading=\"lazy\" decoding=\"async\" width=\"668\" height=\"388\" src=\"https:\/\/vietminhco.com.vn\/wp-content\/uploads\/2021\/12\/thiet-bi-giao-duc-1.jpg\" class=\"attachment-original size-original\" alt=\"\" srcset=\"https:\/\/vietminhco.com.vn\/wp-content\/uploads\/2021\/12\/thiet-bi-giao-duc-1.jpg 668w, https:\/\/vietminhco.com.vn\/wp-content\/uploads\/2021\/12\/thiet-bi-giao-duc-1-300x174.jpg 300w, https:\/\/vietminhco.com.vn\/wp-content\/uploads\/2021\/12\/thiet-bi-giao-duc-1-600x349.jpg 600w, https:\/\/vietminhco.com.vn\/wp-content\/uploads\/2021\/12\/thiet-bi-giao-duc-1-550x319.jpg 550w\" sizes=\"auto, (max-width: 668px) 100vw, 668px\" \/>\t\t\t\t\t\t\n\t\t\t\t\t<\/div>\n\t\t\t\t\t\t\t\t\n<style>\n#image_38342138 {\n  width: 89%;\n}\n<\/style>\n\t<\/div>\n\t\n\n\n\t\t<\/div>\n\t\t\n<style>\n#col-320295212 > .col-inner {\n  padding: 40px 0px 15px 15px;\n}\n@media (min-width:850px) {\n  #col-320295212 > .col-inner {\n    padding: 88px 0px 30px 0px;\n  }\n}\n<\/style>\n\t<\/div>\n\n\t\n\n\t<div id=\"col-600013627\" class=\"col home-intro_col-2 medium-12 small-12 large-5\"  >\n\t\t<div class=\"col-inner text-center\"  >\n\t\t\t\n\t\t\t\n\n\t<div id=\"text-4086107405\" class=\"text col-2_text\">\n\t\t\n\n<h3><span style=\"color: #060606;\">SOME BRIEF ABOUT<\/span> <span style=\"color: #146c94;\">VIET MINH<\/span><\/h3><p>Lorem Ipsum is simply dummy text of the printing and typesetting industry. Lorem Ipsum has been the industry's standard dummy text ever since the 1500s, when an unknown printer took a galley of type and scrambled it to make a type specimen book. It has survived not only five centuries, but also the leap into electronic typesetting, remaining essentially unchanged. It was popularised in the 1960s with the release of Letraset sheets containing Lorem Ipsum passages, and more recently with desktop publishing software like Aldus PageMaker including versions of Lorem Ipsum.<\/p>\n\t\t\t<\/div>\n\t\n\n\t\t<\/div>\n\t\t\n<style>\n#col-600013627 > .col-inner {\n  padding: 15px 15px 0px 15px;\n}\n@media (min-width:850px) {\n  #col-600013627 > .col-inner {\n    padding: 60px 0px 0px 20px;\n  }\n}\n<\/style>\n\t<\/div>\n\n\t\n\n<\/div>\n\n\t\t<\/div>\n\n\t\t\n<style>\n#section_1363932821 {\n  padding-top: 30px;\n  padding-bottom: 30px;\n}\n#section_1363932821 .section-bg.bg-loaded {\n  background-image: url(https:\/\/vietminhco.com.vn\/wp-content\/uploads\/2021\/12\/Gioi-thieu.jpg);\n}\n<\/style>\n\t<\/section>\n\t\n\t<section class=\"section home-partner\" id=\"section_1298529376\">\n\t\t<div class=\"bg section-bg fill bg-fill bg-loaded bg-loaded\" >\n\n\t\t\t\n\t\t\t\n\t\t\t\n\n\t\t<\/div>\n\n\t\t<div class=\"section-content relative\">\n\t\t\t\n\n<div class=\"container section-title-container home-partner_title\" ><h3 class=\"section-title section-title-center\"><b><\/b><span class=\"section-title-main\" >Partners<\/span><b><\/b><\/h3><\/div>\n\n<div class=\"row row-collapse\"  id=\"row-1685645272\">\n\n\n\t<div id=\"col-908964880\" class=\"col small-12 large-12\"  >\n\t\t<div class=\"col-inner\"  >\n\t\t\t\n\t\t\t\n\n<div class=\"list_partner\"><div class=\"partner_item\"><img decoding=\"async\" src=\"https:\/\/vietminhco.com.vn\/wp-content\/uploads\/2021\/10\/yourlogo.png\" alt=\"logo\"><\/div><div class=\"partner_item\"><img decoding=\"async\" src=\"https:\/\/vietminhco.com.vn\/wp-content\/uploads\/2021\/10\/you-logo-here-png.png\" alt=\"logo\"><\/div><div class=\"partner_item\"><img decoding=\"async\" src=\"https:\/\/vietminhco.com.vn\/wp-content\/uploads\/2021\/10\/154707_your-company-logo-png.png\" alt=\"logo\"><\/div><div class=\"partner_item\"><img decoding=\"async\" src=\"https:\/\/vietminhco.com.vn\/wp-content\/uploads\/2021\/10\/yourlogo.png\" alt=\"logo\"><\/div><div class=\"partner_item\"><img decoding=\"async\" src=\"https:\/\/vietminhco.com.vn\/wp-content\/uploads\/2021\/10\/you-logo-here-png.png\" alt=\"logo\"><\/div><div class=\"partner_item\"><img decoding=\"async\" src=\"https:\/\/vietminhco.com.vn\/wp-content\/uploads\/2021\/10\/154707_your-company-logo-png.png\" alt=\"logo\"><\/div><\/div>\n\n\t\t<\/div>\n\t\t\t<\/div>\n\n\t\n\n<\/div>\n\n\t\t<\/div>\n\n\t\t\n<style>\n#section_1298529376 {\n  padding-top: 30px;\n  padding-bottom: 30px;\n}\n<\/style>\n\t<\/section>\n\t\n\t<section class=\"section home-product-cat\" id=\"section_1709190085\">\n\t\t<div class=\"bg section-bg fill bg-fill bg-loaded bg-loaded\" >\n\n\t\t\t\n\t\t\t\n\t\t\t\n\n\t\t<\/div>\n\n\t\t<div class=\"section-content relative\">\n\t\t\t\n\n\t<div id=\"text-1925552815\" class=\"text home-product-cat_title\">\n\t\t\n\n<h3>Category <span style=\"color: #146c94;\">product<\/span><\/h3>\n\t\t\t<\/div>\n\t\n<div class=\"row row-small\"  id=\"row-1138420320\">\n\n\n\t<div id=\"col-1151890282\" class=\"col small-12 large-12\"  >\n\t\t<div class=\"col-inner\"  >\n\t\t\t\n\t\t\t\n\n\t<div id=\"text-1627773952\" class=\"text home-product-cat_list\">\n\t\t\n\n<div class=\"row about-banner_product-cat large-columns-2 medium-columns-2 small-columns-1 row-large\">            <div class=\"product-category col\">\n                <div class=\"col-inner\">\n                    <a href=\"https:\/\/vietminhco.com.vn\/en\/display-device\/\">\n                    <div class=\"box\">\n                        <div class=\"box-image\" style=\"width: 25%\">\n                            <div class=\"\">\n                                <img decoding=\"async\" src=\"https:\/\/vietminhco.com.vn\/wp-content\/uploads\/2021\/10\/projector.png\" alt=\"image\">\n                            <\/div>\n                        <\/div>\n                        <div class=\"box-text\">\n                            <h5 class=\"header-title\">Display device<\/h5>\n                        <\/div>\n                    <\/div>\n                    <\/a>\n                <\/div>\n            <\/div>\n                <div class=\"product-category col\">\n                <div class=\"col-inner\">\n                    <a href=\"https:\/\/vietminhco.com.vn\/en\/educational-equipment\/\">\n                    <div class=\"box\">\n                        <div class=\"box-image\" style=\"width: 25%\">\n                            <div class=\"\">\n                                <img decoding=\"async\" src=\"https:\/\/vietminhco.com.vn\/wp-content\/uploads\/2021\/10\/elearning.png\" alt=\"image\">\n                            <\/div>\n                        <\/div>\n                        <div class=\"box-text\">\n                            <h5 class=\"header-title\">Educational equipment<\/h5>\n                        <\/div>\n                    <\/div>\n                    <\/a>\n                <\/div>\n            <\/div>\n    <\/div>\n\t\t\n<style>\n#text-1627773952 {\n  text-align: center;\n}\n<\/style>\n\t<\/div>\n\t\n\n\t\t<\/div>\n\t\t\n<style>\n#col-1151890282 > .col-inner {\n  padding: 30px 0px 0px 0px;\n}\n<\/style>\n\t<\/div>\n\n\t\n\n<\/div>\n\n\t\t<\/div>\n\n\t\t\n<style>\n#section_1709190085 {\n  padding-top: 30px;\n  padding-bottom: 30px;\n}\n<\/style>\n\t<\/section>\n\t\n\t<section class=\"section home-news\" id=\"section_290663342\">\n\t\t<div class=\"bg section-bg fill bg-fill bg-loaded bg-loaded\" >\n\n\t\t\t\n\t\t\t\n\t\t\t\n\n\t\t<\/div>\n\n\t\t<div class=\"section-content relative\">\n\t\t\t\n\n<div class=\"container section-title-container home-news_title\" ><h3 class=\"section-title section-title-center\"><b><\/b><span class=\"section-title-main\" >News<\/span><b><\/b><\/h3><\/div>\n\n<div class=\"row row-small home-news_row\"  id=\"row-399585872\">\n\n\n\t<div id=\"col-1276690288\" class=\"col home-news_col medium-5 small-12 large-5\"  >\n\t\t<div class=\"col-inner\"  >\n\t\t\t\n\t\t\t\n\n\n  \n    <div class=\"row col-1_list-news large-columns-1 medium-columns-1 small-columns-1\">\n  \t\t<div class=\"col post-item\" >\n\t\t\t<div class=\"col-inner\">\n\t\t\t<a href=\"https:\/\/vietminhco.com.vn\/en\/lorem-ipsum-is-simply-dummy-text-of-the-printing\/\" class=\"plain\">\n\t\t\t\t<div class=\"box box-normal box-text-bottom box-blog-post has-hover\">\n            \t\t\t\t\t<div class=\"box-image\" >\n  \t\t\t\t\t\t<div class=\"image-cover\" style=\"padding-top:62%;\">\n  \t\t\t\t\t\t\t<img loading=\"lazy\" decoding=\"async\" width=\"549\" height=\"312\" src=\"https:\/\/vietminhco.com.vn\/wp-content\/uploads\/2021\/10\/NGuyen-Thai-Binh-3-e1601022025402-1.png\" class=\"attachment-medium size-medium wp-post-image\" alt=\"\" srcset=\"https:\/\/vietminhco.com.vn\/wp-content\/uploads\/2021\/10\/NGuyen-Thai-Binh-3-e1601022025402-1.png 549w, https:\/\/vietminhco.com.vn\/wp-content\/uploads\/2021\/10\/NGuyen-Thai-Binh-3-e1601022025402-1-300x170.png 300w\" sizes=\"auto, (max-width: 549px) 100vw, 549px\" \/>  \t\t\t\t\t\t\t  \t\t\t\t\t\t\t  \t\t\t\t\t\t<\/div>\n  \t\t\t\t\t\t  \t\t\t\t\t<\/div>\n          \t\t\t\t\t<div class=\"box-text text-left\" >\n\t\t\t\t\t<div class=\"box-text-inner blog-post-inner\">\n\n\t\t\t\t\t\n\t\t\t\t\t\t\t\t\t\t<h5 class=\"post-title is-large \">Lorem Ipsum is simply dummy text of the printing<\/h5>\n\t\t\t\t\t<div class=\"post-meta is-small op-8\">12\/10\/2021<\/div>\t\t\t\t\t<div class=\"is-divider\"><\/div>\n\t\t\t\t\t\t\t\t\t\t<p class=\"from_the_blog_excerpt \">Lorem Ipsum has been the industry's standard dummy text ever since the 1500s, when an unknown printer took a galley of type and scrambled it to make a type specimen book.\t\t\t\t\t<\/p>\n\t\t\t\t\t                    \n\t\t\t\t\t\n\t\t\t\t\t\n\t\t\t\t\t<\/div>\n\t\t\t\t\t<\/div>\n\t\t\t\t\t\t\t\t\t<\/div>\n\t\t\t\t<\/a>\n\t\t\t<\/div>\n\t\t<\/div>\n<\/div>\n\n\n\t\t<\/div>\n\t\t\t<\/div>\n\n\t\n\n\t<div id=\"col-1098907885\" class=\"col home-news_col medium-7 small-12 large-7\"  >\n\t\t<div class=\"col-inner\"  >\n\t\t\t\n\t\t\t\n\n\n  \n    <div class=\"row col-2_list-news large-columns-1 medium-columns-1 small-columns-1 row-xsmall\">\n  \t\t<div class=\"col post-item\" >\n\t\t\t<div class=\"col-inner\">\n\t\t\t<a href=\"https:\/\/vietminhco.com.vn\/en\/it-has-survived-not-only-five-centuries-but-also-the-leap-into-electronic-typesetting-remaining-essentially-unchanged\/\" class=\"plain\">\n\t\t\t\t<div class=\"box box-vertical box-text-top box-blog-post has-hover\">\n            \t\t\t\t\t<div class=\"box-image\" style=\"width:45%;\">\n  \t\t\t\t\t\t<div class=\"image-cover\" style=\"padding-top:41%;\">\n  \t\t\t\t\t\t\t<img loading=\"lazy\" decoding=\"async\" width=\"900\" height=\"600\" src=\"https:\/\/vietminhco.com.vn\/wp-content\/uploads\/2024\/04\/it-has-survived-not-only-five-centuries-but-also-the-leap-into-electronic-typesetting-remaining-essentially-unchanged-1369-1.jpg\" class=\"attachment-original size-original wp-post-image\" alt=\"\" srcset=\"https:\/\/vietminhco.com.vn\/wp-content\/uploads\/2024\/04\/it-has-survived-not-only-five-centuries-but-also-the-leap-into-electronic-typesetting-remaining-essentially-unchanged-1369-1.jpg 900w, https:\/\/vietminhco.com.vn\/wp-content\/uploads\/2024\/04\/it-has-survived-not-only-five-centuries-but-also-the-leap-into-electronic-typesetting-remaining-essentially-unchanged-1369-1-600x400.jpg 600w, https:\/\/vietminhco.com.vn\/wp-content\/uploads\/2024\/04\/it-has-survived-not-only-five-centuries-but-also-the-leap-into-electronic-typesetting-remaining-essentially-unchanged-1369-1-768x512.jpg 768w, https:\/\/vietminhco.com.vn\/wp-content\/uploads\/2024\/04\/it-has-survived-not-only-five-centuries-but-also-the-leap-into-electronic-typesetting-remaining-essentially-unchanged-1369-1-300x200.jpg 300w, https:\/\/vietminhco.com.vn\/wp-content\/uploads\/2024\/04\/it-has-survived-not-only-five-centuries-but-also-the-leap-into-electronic-typesetting-remaining-essentially-unchanged-1369-1-525x350.jpg 525w\" sizes=\"auto, (max-width: 900px) 100vw, 900px\" \/>  \t\t\t\t\t\t\t  \t\t\t\t\t\t\t  \t\t\t\t\t\t<\/div>\n  \t\t\t\t\t\t  \t\t\t\t\t<\/div>\n          \t\t\t\t\t<div class=\"box-text text-left\" >\n\t\t\t\t\t<div class=\"box-text-inner blog-post-inner\">\n\n\t\t\t\t\t\n\t\t\t\t\t\t\t\t\t\t<h5 class=\"post-title is-large \">Cu\u1ed9c chi\u1ebfn gi\u1eefa xe \u0111i\u1ec7n v\u00e0 xe x\u0103ng \u0111\u00e3 b\u01b0\u1edbc v\u00e0o &#8220;v\u00f2ng lo\u1ea1i tr\u1ef1c ti\u1ebfp&#8221;, \u0111\u00e2y s\u1ebd l\u00e0 &#8220;\u0111\u00f2n quy\u1ebft \u0111\u1ecbnh&#8221; \u0111\u1ebfn t\u1eeb h\u00e3ng xe \u0111i\u1ec7n l\u1edbn nh\u1ea5t Trung Qu\u1ed1c<\/h5>\n\t\t\t\t\t<div class=\"post-meta is-small op-8\">18\/10\/2021<\/div>\t\t\t\t\t<div class=\"is-divider\"><\/div>\n\t\t\t\t\t                    \n\t\t\t\t\t\n\t\t\t\t\t\n\t\t\t\t\t<\/div>\n\t\t\t\t\t<\/div>\n\t\t\t\t\t\t\t\t\t<\/div>\n\t\t\t\t<\/a>\n\t\t\t<\/div>\n\t\t<\/div>\n\t\t<div class=\"col post-item\" >\n\t\t\t<div class=\"col-inner\">\n\t\t\t<a href=\"https:\/\/vietminhco.com.vn\/en\/it-has-survived-not-only-five-centuries-but-also-the-leap-into-electronic-typesetting-remaining-essentially-unchanged-2\/\" class=\"plain\">\n\t\t\t\t<div class=\"box box-vertical box-text-top box-blog-post has-hover\">\n            \t\t\t\t\t<div class=\"box-image\" style=\"width:45%;\">\n  \t\t\t\t\t\t<div class=\"image-cover\" style=\"padding-top:41%;\">\n  \t\t\t\t\t\t\t<img loading=\"lazy\" decoding=\"async\" width=\"1024\" height=\"1221\" src=\"https:\/\/vietminhco.com.vn\/wp-content\/uploads\/2024\/04\/it-has-survived-not-only-five-centuries-but-also-the-leap-into-electronic-typesetting-remaining-essentially-unchanged-1030-3.jpg\" class=\"attachment-original size-original wp-post-image\" alt=\"\" srcset=\"https:\/\/vietminhco.com.vn\/wp-content\/uploads\/2024\/04\/it-has-survived-not-only-five-centuries-but-also-the-leap-into-electronic-typesetting-remaining-essentially-unchanged-1030-3.jpg 1024w, https:\/\/vietminhco.com.vn\/wp-content\/uploads\/2024\/04\/it-has-survived-not-only-five-centuries-but-also-the-leap-into-electronic-typesetting-remaining-essentially-unchanged-1030-3-335x400.jpg 335w, https:\/\/vietminhco.com.vn\/wp-content\/uploads\/2024\/04\/it-has-survived-not-only-five-centuries-but-also-the-leap-into-electronic-typesetting-remaining-essentially-unchanged-1030-3-671x800.jpg 671w, https:\/\/vietminhco.com.vn\/wp-content\/uploads\/2024\/04\/it-has-survived-not-only-five-centuries-but-also-the-leap-into-electronic-typesetting-remaining-essentially-unchanged-1030-3-768x916.jpg 768w, https:\/\/vietminhco.com.vn\/wp-content\/uploads\/2024\/04\/it-has-survived-not-only-five-centuries-but-also-the-leap-into-electronic-typesetting-remaining-essentially-unchanged-1030-3-300x358.jpg 300w, https:\/\/vietminhco.com.vn\/wp-content\/uploads\/2024\/04\/it-has-survived-not-only-five-centuries-but-also-the-leap-into-electronic-typesetting-remaining-essentially-unchanged-1030-3-600x715.jpg 600w, https:\/\/vietminhco.com.vn\/wp-content\/uploads\/2024\/04\/it-has-survived-not-only-five-centuries-but-also-the-leap-into-electronic-typesetting-remaining-essentially-unchanged-1030-3-294x350.jpg 294w\" sizes=\"auto, (max-width: 1024px) 100vw, 1024px\" \/>  \t\t\t\t\t\t\t  \t\t\t\t\t\t\t  \t\t\t\t\t\t<\/div>\n  \t\t\t\t\t\t  \t\t\t\t\t<\/div>\n          \t\t\t\t\t<div class=\"box-text text-left\" >\n\t\t\t\t\t<div class=\"box-text-inner blog-post-inner\">\n\n\t\t\t\t\t\n\t\t\t\t\t\t\t\t\t\t<h5 class=\"post-title is-large \">It has survived not only five centuries, but also the leap into electronic typesetting, remaining essentially unchanged.<\/h5>\n\t\t\t\t\t<div class=\"post-meta is-small op-8\">18\/10\/2021<\/div>\t\t\t\t\t<div class=\"is-divider\"><\/div>\n\t\t\t\t\t                    \n\t\t\t\t\t\n\t\t\t\t\t\n\t\t\t\t\t<\/div>\n\t\t\t\t\t<\/div>\n\t\t\t\t\t\t\t\t\t<\/div>\n\t\t\t\t<\/a>\n\t\t\t<\/div>\n\t\t<\/div>\n\t\t<div class=\"col post-item\" >\n\t\t\t<div class=\"col-inner\">\n\t\t\t<a href=\"https:\/\/vietminhco.com.vn\/en\/it-has-survived-not-only-five-centuries-but-also-the-leap-into-electronic-typesetting-remaining-essentially-unchanged-3\/\" class=\"plain\">\n\t\t\t\t<div class=\"box box-vertical box-text-top box-blog-post has-hover\">\n            \t\t\t\t\t<div class=\"box-image\" style=\"width:45%;\">\n  \t\t\t\t\t\t<div class=\"image-cover\" style=\"padding-top:41%;\">\n  \t\t\t\t\t\t\t<img loading=\"lazy\" decoding=\"async\" width=\"549\" height=\"312\" src=\"https:\/\/vietminhco.com.vn\/wp-content\/uploads\/2021\/10\/NGuyen-Thai-Binh-3-e1601022025402-1.png\" class=\"attachment-original size-original wp-post-image\" alt=\"\" srcset=\"https:\/\/vietminhco.com.vn\/wp-content\/uploads\/2021\/10\/NGuyen-Thai-Binh-3-e1601022025402-1.png 549w, https:\/\/vietminhco.com.vn\/wp-content\/uploads\/2021\/10\/NGuyen-Thai-Binh-3-e1601022025402-1-300x170.png 300w\" sizes=\"auto, (max-width: 549px) 100vw, 549px\" \/>  \t\t\t\t\t\t\t  \t\t\t\t\t\t\t  \t\t\t\t\t\t<\/div>\n  \t\t\t\t\t\t  \t\t\t\t\t<\/div>\n          \t\t\t\t\t<div class=\"box-text text-left\" >\n\t\t\t\t\t<div class=\"box-text-inner blog-post-inner\">\n\n\t\t\t\t\t\n\t\t\t\t\t\t\t\t\t\t<h5 class=\"post-title is-large \">It has survived not only five centuries, but also the leap into electronic typesetting, remaining essentially unchanged.<\/h5>\n\t\t\t\t\t<div class=\"post-meta is-small op-8\">18\/10\/2021<\/div>\t\t\t\t\t<div class=\"is-divider\"><\/div>\n\t\t\t\t\t                    \n\t\t\t\t\t\n\t\t\t\t\t\n\t\t\t\t\t<\/div>\n\t\t\t\t\t<\/div>\n\t\t\t\t\t\t\t\t\t<\/div>\n\t\t\t\t<\/a>\n\t\t\t<\/div>\n\t\t<\/div>\n<\/div>\n\n\n\t\t<\/div>\n\t\t\t<\/div>\n\n\t\n\n<\/div>\n<a href=\"\/en\/category\/news\/\" target=\"_self\" class=\"button primary is-outline is-large home-news_btn-readmore\"  style=\"border-radius:10px;\">\n    <span>See more<\/span>\n  <\/a>\n\n\n\n\t\t<\/div>\n\n\t\t\n<style>\n#section_290663342 {\n  padding-top: 30px;\n  padding-bottom: 30px;\n}\n<\/style>\n\t<\/section>\n\t\n","protected":false},"excerpt":{"rendered":"","protected":false},"author":1,"featured_media":0,"parent":0,"menu_order":1,"comment_status":"closed","ping_status":"closed","template":"page-blank.php","meta":{"footnotes":""},"class_list":["post-1183","page","type-page","status-publish","hentry"],"yoast_head":"<!-- This site is optimized with the Yoast SEO plugin v24.1 - https:\/\/yoast.com\/wordpress\/plugins\/seo\/ -->\n<title>Home - C\u00d4NG TY VI\u1ec6T MINH<\/title>\n<meta name=\"robots\" content=\"index, follow, max-snippet:-1, max-image-preview:large, max-video-preview:-1\" \/>\n<link rel=\"canonical\" href=\"https:\/\/vietminhco.com.vn\/en\/\" \/>\n<meta property=\"og:locale\" content=\"en_US\" \/>\n<meta property=\"og:type\" content=\"article\" \/>\n<meta property=\"og:title\" content=\"Home - C\u00d4NG TY VI\u1ec6T MINH\" \/>\n<meta property=\"og:url\" content=\"https:\/\/vietminhco.com.vn\/en\/\" \/>\n<meta property=\"og:site_name\" content=\"C\u00d4NG TY VI\u1ec6T MINH\" \/>\n<meta name=\"twitter:card\" content=\"summary_large_image\" \/>\n<meta name=\"twitter:label1\" content=\"Est. reading time\" \/>\n\t<meta name=\"twitter:data1\" content=\"1 minute\" \/>\n<script type=\"application\/ld+json\" class=\"yoast-schema-graph\">{\"@context\":\"https:\/\/schema.org\",\"@graph\":[{\"@type\":\"WebPage\",\"@id\":\"https:\/\/vietminhco.com.vn\/en\/\",\"url\":\"https:\/\/vietminhco.com.vn\/en\/\",\"name\":\"Home - C\u00d4NG TY VI\u1ec6T MINH\",\"isPartOf\":{\"@id\":\"https:\/\/vietminhco.com.vn\/#website\"},\"datePublished\":\"2021-10-20T07:42:22+00:00\",\"dateModified\":\"2021-10-20T07:42:22+00:00\",\"breadcrumb\":{\"@id\":\"https:\/\/vietminhco.com.vn\/en\/#breadcrumb\"},\"inLanguage\":\"en-US\",\"potentialAction\":[{\"@type\":\"ReadAction\",\"target\":[\"https:\/\/vietminhco.com.vn\/en\/\"]}]},{\"@type\":\"BreadcrumbList\",\"@id\":\"https:\/\/vietminhco.com.vn\/en\/#breadcrumb\",\"itemListElement\":[{\"@type\":\"ListItem\",\"position\":1,\"name\":\"Home\",\"item\":\"https:\/\/vietminhco.com.vn\/en\/\"},{\"@type\":\"ListItem\",\"position\":2,\"name\":\"Home\"}]},{\"@type\":\"WebSite\",\"@id\":\"https:\/\/vietminhco.com.vn\/#website\",\"url\":\"https:\/\/vietminhco.com.vn\/\",\"name\":\"C\u00d4NG TY VI\u1ec6T MINH\",\"description\":\"Just another WordPress site\",\"potentialAction\":[{\"@type\":\"SearchAction\",\"target\":{\"@type\":\"EntryPoint\",\"urlTemplate\":\"https:\/\/vietminhco.com.vn\/?s={search_term_string}\"},\"query-input\":{\"@type\":\"PropertyValueSpecification\",\"valueRequired\":true,\"valueName\":\"search_term_string\"}}],\"inLanguage\":\"en-US\"}]}<\/script>\n<!-- \/ Yoast SEO plugin. -->","yoast_head_json":{"title":"Home - C\u00d4NG TY VI\u1ec6T MINH","robots":{"index":"index","follow":"follow","max-snippet":"max-snippet:-1","max-image-preview":"max-image-preview:large","max-video-preview":"max-video-preview:-1"},"canonical":"https:\/\/vietminhco.com.vn\/en\/","og_locale":"en_US","og_type":"article","og_title":"Home - C\u00d4NG TY VI\u1ec6T MINH","og_url":"https:\/\/vietminhco.com.vn\/en\/","og_site_name":"C\u00d4NG TY VI\u1ec6T MINH","twitter_card":"summary_large_image","twitter_misc":{"Est. reading time":"1 minute"},"schema":{"@context":"https:\/\/schema.org","@graph":[{"@type":"WebPage","@id":"https:\/\/vietminhco.com.vn\/en\/","url":"https:\/\/vietminhco.com.vn\/en\/","name":"Home - C\u00d4NG TY VI\u1ec6T MINH","isPartOf":{"@id":"https:\/\/vietminhco.com.vn\/#website"},"datePublished":"2021-10-20T07:42:22+00:00","dateModified":"2021-10-20T07:42:22+00:00","breadcrumb":{"@id":"https:\/\/vietminhco.com.vn\/en\/#breadcrumb"},"inLanguage":"en-US","potentialAction":[{"@type":"ReadAction","target":["https:\/\/vietminhco.com.vn\/en\/"]}]},{"@type":"BreadcrumbList","@id":"https:\/\/vietminhco.com.vn\/en\/#breadcrumb","itemListElement":[{"@type":"ListItem","position":1,"name":"Home","item":"https:\/\/vietminhco.com.vn\/en\/"},{"@type":"ListItem","position":2,"name":"Home"}]},{"@type":"WebSite","@id":"https:\/\/vietminhco.com.vn\/#website","url":"https:\/\/vietminhco.com.vn\/","name":"C\u00d4NG TY VI\u1ec6T MINH","description":"Just another WordPress site","potentialAction":[{"@type":"SearchAction","target":{"@type":"EntryPoint","urlTemplate":"https:\/\/vietminhco.com.vn\/?s={search_term_string}"},"query-input":{"@type":"PropertyValueSpecification","valueRequired":true,"valueName":"search_term_string"}}],"inLanguage":"en-US"}]}},"_links":{"self":[{"href":"https:\/\/vietminhco.com.vn\/en\/wp-json\/wp\/v2\/pages\/1183","targetHints":{"allow":["GET"]}}],"collection":[{"href":"https:\/\/vietminhco.com.vn\/en\/wp-json\/wp\/v2\/pages"}],"about":[{"href":"https:\/\/vietminhco.com.vn\/en\/wp-json\/wp\/v2\/types\/page"}],"author":[{"embeddable":true,"href":"https:\/\/vietminhco.com.vn\/en\/wp-json\/wp\/v2\/users\/1"}],"replies":[{"embeddable":true,"href":"https:\/\/vietminhco.com.vn\/en\/wp-json\/wp\/v2\/comments?post=1183"}],"version-history":[{"count":1,"href":"https:\/\/vietminhco.com.vn\/en\/wp-json\/wp\/v2\/pages\/1183\/revisions"}],"predecessor-version":[{"id":1188,"href":"https:\/\/vietminhco.com.vn\/en\/wp-json\/wp\/v2\/pages\/1183\/revisions\/1188"}],"wp:attachment":[{"href":"https:\/\/vietminhco.com.vn\/en\/wp-json\/wp\/v2\/media?parent=1183"}],"curies":[{"name":"wp","href":"https:\/\/api.w.org\/{rel}","templated":true}]}}